{"id":32,"date":"2021-03-24T11:26:14","date_gmt":"2021-03-24T11:26:14","guid":{"rendered":"https:\/\/preview.tutorlms.com\/elementor-instructor\/?page_id=32"},"modified":"2024-04-03T11:35:30","modified_gmt":"2024-04-03T11:35:30","slug":"about-me","status":"publish","type":"page","link":"https:\/\/sementemagica.pt\/academia\/about-me\/","title":{"rendered":"Sobre mim"},"content":{"rendered":"\t\t<div data-elementor-type=\"wp-page\" data-elementor-id=\"32\" class=\"elementor elementor-32\">\n\t\t\t\t\t\t<section class=\"elementor-section elementor-top-section elementor-element elementor-element-b15f891 elementor-section-boxed elementor-section-height-default elementor-section-height-default\" data-id=\"b15f891\" data-element_type=\"section\">\n\t\t\t\t\t\t<div class=\"elementor-container elementor-column-gap-default\">\n\t\t\t\t\t<div class=\"elementor-column elementor-col-100 elementor-top-column elementor-element elementor-element-3f8fd27\" data-id=\"3f8fd27\" data-element_type=\"column\">\n\t\t\t<div class=\"elementor-widget-wrap elementor-element-populated\">\n\t\t\t\t\t\t<div class=\"elementor-element elementor-element-e205cce elementor-widget elementor-widget-heading\" data-id=\"e205cce\" data-element_type=\"widget\" data-widget_type=\"heading.default\">\n\t\t\t\t<div class=\"elementor-widget-container\">\n\t\t\t<style>\/*! elementor - v3.22.0 - 17-06-2024 *\/\n.elementor-heading-title{padding:0;margin:0;line-height:1}.elementor-widget-heading .elementor-heading-title[class*=elementor-size-]>a{color:inherit;font-size:inherit;line-height:inherit}.elementor-widget-heading .elementor-heading-title.elementor-size-small{font-size:15px}.elementor-widget-heading .elementor-heading-title.elementor-size-medium{font-size:19px}.elementor-widget-heading .elementor-heading-title.elementor-size-large{font-size:29px}.elementor-widget-heading .elementor-heading-title.elementor-size-xl{font-size:39px}.elementor-widget-heading .elementor-heading-title.elementor-size-xxl{font-size:59px}<\/style><h2 class=\"elementor-heading-title elementor-size-default\">Sobre mim<\/h2>\t\t<\/div>\n\t\t\t\t<\/div>\n\t\t\t\t<div class=\"elementor-element elementor-element-7c16568 elementor-widget elementor-widget-heading\" data-id=\"7c16568\" data-element_type=\"widget\" data-widget_type=\"heading.default\">\n\t\t\t\t<div class=\"elementor-widget-container\">\n\t\t\t<h2 class=\"elementor-heading-title elementor-size-default\">Bem vindo \n<\/h2>\t\t<\/div>\n\t\t\t\t<\/div>\n\t\t\t\t<div class=\"elementor-element elementor-element-554b401 elementor-widget elementor-widget-image\" data-id=\"554b401\" data-element_type=\"widget\" data-widget_type=\"image.default\">\n\t\t\t\t<div class=\"elementor-widget-container\">\n\t\t\t<style>\/*! elementor - v3.22.0 - 17-06-2024 *\/\n.elementor-widget-image{text-align:center}.elementor-widget-image a{display:inline-block}.elementor-widget-image a img[src$=\".svg\"]{width:48px}.elementor-widget-image img{vertical-align:middle;display:inline-block}<\/style>\t\t\t\t\t\t\t\t\t\t<img fetchpriority=\"high\" decoding=\"async\" width=\"1024\" height=\"165\" src=\"https:\/\/sementemagica.pt\/academia\/wp-content\/uploads\/2024\/03\/logo-black-1024x165.png\" class=\"attachment-large size-large wp-image-7473\" alt=\"\" srcset=\"https:\/\/sementemagica.pt\/academia\/wp-content\/uploads\/2024\/03\/logo-black-1024x165.png 1024w, https:\/\/sementemagica.pt\/academia\/wp-content\/uploads\/2024\/03\/logo-black-300x48.png 300w, https:\/\/sementemagica.pt\/academia\/wp-content\/uploads\/2024\/03\/logo-black-768x124.png 768w, https:\/\/sementemagica.pt\/academia\/wp-content\/uploads\/2024\/03\/logo-black-1536x248.png 1536w, https:\/\/sementemagica.pt\/academia\/wp-content\/uploads\/2024\/03\/logo-black-600x97.png 600w, https:\/\/sementemagica.pt\/academia\/wp-content\/uploads\/2024\/03\/logo-black-e1710367095360.png 350w\" sizes=\"(max-width: 1024px) 100vw, 1024px\" \/>\t\t\t\t\t\t\t\t\t\t\t\t\t<\/div>\n\t\t\t\t<\/div>\n\t\t\t\t\t<\/div>\n\t\t<\/div>\n\t\t\t\t\t<\/div>\n\t\t<\/section>\n\t\t<div class=\"elementor-element elementor-element-141a53a e-flex e-con-boxed e-con e-parent\" data-id=\"141a53a\" data-element_type=\"container\">\n\t\t\t\t\t<div class=\"e-con-inner\">\n\t\t\t\t<div class=\"elementor-element elementor-element-63b16af elementor-widget elementor-widget-heading\" data-id=\"63b16af\" data-element_type=\"widget\" data-widget_type=\"heading.default\">\n\t\t\t\t<div class=\"elementor-widget-container\">\n\t\t\t<h4 class=\"elementor-heading-title elementor-size-default\">Bem vindo ao portal da SEMENTE M\u00c1GICA ACADEMIA<\/h4>\t\t<\/div>\n\t\t\t\t<\/div>\n\t\t\t\t\t<\/div>\n\t\t\t\t<\/div>\n\t\t<div class=\"elementor-element elementor-element-9f38317 e-flex e-con-boxed e-con e-parent\" data-id=\"9f38317\" data-element_type=\"container\">\n\t\t\t\t\t<div class=\"e-con-inner\">\n\t\t\t\t<div class=\"elementor-element elementor-element-0915e24 elementor-widget elementor-widget-text-editor\" data-id=\"0915e24\" data-element_type=\"widget\" data-widget_type=\"text-editor.default\">\n\t\t\t\t<div class=\"elementor-widget-container\">\n\t\t\t<style>\/*! elementor - v3.22.0 - 17-06-2024 *\/\n.elementor-widget-text-editor.elementor-drop-cap-view-stacked .elementor-drop-cap{background-color:#69727d;color:#fff}.elementor-widget-text-editor.elementor-drop-cap-view-framed .elementor-drop-cap{color:#69727d;border:3px solid;background-color:transparent}.elementor-widget-text-editor:not(.elementor-drop-cap-view-default) .elementor-drop-cap{margin-top:8px}.elementor-widget-text-editor:not(.elementor-drop-cap-view-default) .elementor-drop-cap-letter{width:1em;height:1em}.elementor-widget-text-editor .elementor-drop-cap{float:left;text-align:center;line-height:1;font-size:50px}.elementor-widget-text-editor .elementor-drop-cap-letter{display:inline-block}<\/style>\t\t\t\t<p class=\"_mb-5\" style=\"text-align: center;\" role=\"paragraph\">\u00c9 com todo o AMOR e GRATID\u00c3O que te recebo.<\/p><p class=\"_mb-5\" style=\"text-align: center;\" role=\"paragraph\">A SEMENTE M\u00c1GICA convida-te a despertar a tua verdadeira ess\u00eancia.<\/p><p role=\"paragraph\">\u00a0<\/p><p class=\"_mb-5\" style=\"text-align: center;\" role=\"paragraph\">O Projeto SEMENTE M\u00c1GICA, surgiu de um sonho e de uma oportunidade de crescimento. \u00c9 um espa\u00e7o dedicado a medicina alternativa e complementar, com um olhar hol\u00edstico sobre o ser humano. Esta no\u00e7\u00e3o remete para uma forma espec\u00edfica de contemplar o mundo e que pode ser aplicada em v\u00e1rias vertentes do conhecimento, como medicina, psicologia, f\u00edsica, etc.<\/p><p role=\"paragraph\">\u00a0<\/p><p class=\"_mb-5\" style=\"text-align: center;\" role=\"paragraph\">A SEMENTE M\u00c1GICA, tamb\u00e9m tem como miss\u00e3o a investiga\u00e7\u00e3o e forma\u00e7\u00e3o na \u00e1rea do desenvolvimento pessoal e humano.<\/p><p class=\"_mb-5\" style=\"text-align: center;\" role=\"paragraph\">O nosso \u00e2mbito de a\u00e7\u00e3o visa a integra\u00e7\u00e3o com a Medicina Convencional com as Medicinas Tradicionais.<\/p><p class=\"_mb-5\" style=\"text-align: center;\" role=\"paragraph\">No campo da investiga\u00e7\u00e3o o meu trabalho \u00e9 desenvolvido atrav\u00e9s da pesquisa, reflex\u00e3o e viv\u00eancias em retiros. Transportando, assim, para a realidade atual.<\/p><p class=\"_mb-5\" style=\"text-align: center;\" role=\"paragraph\">O resultado do meu trabalho \u00e9 sempre validado atrav\u00e9s da pr\u00e1tica pessoal.<\/p><p role=\"paragraph\">\u00a0<\/p><p class=\"_mb-5\" style=\"text-align: center;\" role=\"paragraph\">A verdade e humildade est\u00e1 sempre presente em tudo o que fa\u00e7o, comprometendo-me a objetivar e melhorar continuamente, com vista a otimizar recursos e enfrentar novos desafios.<\/p>\t\t\t\t\t\t<\/div>\n\t\t\t\t<\/div>\n\t\t\t\t\t<\/div>\n\t\t\t\t<\/div>\n\t\t<div class=\"elementor-element elementor-element-f98f136 e-grid e-con-boxed e-con e-parent\" data-id=\"f98f136\" data-element_type=\"container\">\n\t\t\t\t\t<div class=\"e-con-inner\">\n\t\t\t\t<div class=\"elementor-element elementor-element-fc3e16b elementor-widget elementor-widget-image\" data-id=\"fc3e16b\" data-element_type=\"widget\" data-widget_type=\"image.default\">\n\t\t\t\t<div class=\"elementor-widget-container\">\n\t\t\t\t\t\t\t\t\t\t\t\t\t<img decoding=\"async\" width=\"832\" height=\"870\" src=\"https:\/\/sementemagica.pt\/academia\/wp-content\/uploads\/2024\/04\/photo_5794314991938158789_y.png\" class=\"attachment-large size-large wp-image-8119\" alt=\"\" srcset=\"https:\/\/sementemagica.pt\/academia\/wp-content\/uploads\/2024\/04\/photo_5794314991938158789_y.png 832w, https:\/\/sementemagica.pt\/academia\/wp-content\/uploads\/2024\/04\/photo_5794314991938158789_y-287x300.png 287w, https:\/\/sementemagica.pt\/academia\/wp-content\/uploads\/2024\/04\/photo_5794314991938158789_y-768x803.png 768w, https:\/\/sementemagica.pt\/academia\/wp-content\/uploads\/2024\/04\/photo_5794314991938158789_y-600x627.png 600w\" sizes=\"(max-width: 832px) 100vw, 832px\" \/>\t\t\t\t\t\t\t\t\t\t\t\t\t<\/div>\n\t\t\t\t<\/div>\n\t\t\t\t\t<\/div>\n\t\t\t\t<\/div>\n\t\t\t\t<\/div>\n\t\t","protected":false},"excerpt":{"rendered":"<p>Sobre mim Bem vindo Bem vindo ao portal da SEMENTE M\u00c1GICA ACADEMIA \u00c9 com todo o AMOR e GRATID\u00c3O que<\/p>\n","protected":false},"author":1,"featured_media":0,"parent":0,"menu_order":0,"comment_status":"closed","ping_status":"closed","template":"elementor_header_footer","meta":{"_tutorstarter_page_metadata":[],"footnotes":""},"class_list":["post-32","page","type-page","status-publish","hentry"],"_links":{"self":[{"href":"https:\/\/sementemagica.pt\/academia\/wp-json\/wp\/v2\/pages\/32","targetHints":{"allow":["GET"]}}],"collection":[{"href":"https:\/\/sementemagica.pt\/academia\/wp-json\/wp\/v2\/pages"}],"about":[{"href":"https:\/\/sementemagica.pt\/academia\/wp-json\/wp\/v2\/types\/page"}],"author":[{"embeddable":true,"href":"https:\/\/sementemagica.pt\/academia\/wp-json\/wp\/v2\/users\/1"}],"replies":[{"embeddable":true,"href":"https:\/\/sementemagica.pt\/academia\/wp-json\/wp\/v2\/comments?post=32"}],"version-history":[{"count":58,"href":"https:\/\/sementemagica.pt\/academia\/wp-json\/wp\/v2\/pages\/32\/revisions"}],"predecessor-version":[{"id":8122,"href":"https:\/\/sementemagica.pt\/academia\/wp-json\/wp\/v2\/pages\/32\/revisions\/8122"}],"wp:attachment":[{"href":"https:\/\/sementemagica.pt\/academia\/wp-json\/wp\/v2\/media?parent=32"}],"curies":[{"name":"wp","href":"https:\/\/api.w.org\/{rel}","templated":true}]}}